{"id":128,"date":"2024-12-18T13:42:22","date_gmt":"2024-12-18T13:42:22","guid":{"rendered":"https:\/\/liceo.edu.mx\/rosemont\/about\/"},"modified":"2025-11-07T04:03:54","modified_gmt":"2025-11-07T04:03:54","slug":"aviso_de_privacidad","status":"publish","type":"page","link":"https:\/\/liceo.edu.mx\/rosemont\/aviso_de_privacidad\/","title":{"rendered":"Aviso De Privacidad"},"content":{"rendered":"\t\t<div data-elementor-type=\"wp-post\" data-elementor-id=\"128\" class=\"elementor elementor-128\">\n\t\t\t\t<div class=\"elementor-element elementor-element-1337320 e-flex e-con-boxed e-con e-parent\" data-id=\"1337320\" data-element_type=\"container\" data-e-type=\"container\" data-settings=\"{&quot;background_background&quot;:&quot;classic&quot;}\">\n\t\t\t\t\t<div class=\"e-con-inner\">\n\t\t<div class=\"elementor-element elementor-element-8c47842 e-con-full e-flex e-con e-child\" data-id=\"8c47842\" data-element_type=\"container\" data-e-type=\"container\">\n\t\t\t\t<div class=\"elementor-element elementor-element-71ce4bd elementor-widget elementor-widget-heading\" data-id=\"71ce4bd\" data-element_type=\"widget\" data-e-type=\"widget\" data-widget_type=\"heading.default\">\n\t\t\t\t<div class=\"elementor-widget-container\">\n\t\t\t\t\t<h6 class=\"elementor-heading-title elementor-size-default\">Actualizaci\u00f3n 01\/08\/25<\/h6>\t\t\t\t<\/div>\n\t\t\t\t<\/div>\n\t\t\t\t<div class=\"elementor-element elementor-element-6020073 elementor-widget elementor-widget-heading\" data-id=\"6020073\" data-element_type=\"widget\" data-e-type=\"widget\" data-widget_type=\"heading.default\">\n\t\t\t\t<div class=\"elementor-widget-container\">\n\t\t\t\t\t<h1 class=\"elementor-heading-title elementor-size-default\">Aviso De Privacidad<\/h1>\t\t\t\t<\/div>\n\t\t\t\t<\/div>\n\t\t\t\t<\/div>\n\t\t\t\t\t<\/div>\n\t\t\t\t<\/div>\n\t\t<div class=\"elementor-element elementor-element-d6ed0c3 e-flex e-con-boxed e-con e-parent\" data-id=\"d6ed0c3\" data-element_type=\"container\" data-e-type=\"container\" data-settings=\"{&quot;background_background&quot;:&quot;classic&quot;}\">\n\t\t\t\t\t<div class=\"e-con-inner\">\n\t\t<div class=\"elementor-element elementor-element-a914404 e-con-full e-flex e-con e-child\" data-id=\"a914404\" data-element_type=\"container\" data-e-type=\"container\">\n\t\t\t\t<div class=\"elementor-element elementor-element-c96c18c elementor-widget elementor-widget-text-editor\" data-id=\"c96c18c\" data-element_type=\"widget\" data-e-type=\"widget\" data-widget_type=\"text-editor.default\">\n\t\t\t\t<div class=\"elementor-widget-container\">\n\t\t\t\t\t\t\t\t\t<p>De conformidad con lo establecido en los art\u00edculos 14, 15 y 16 y sus correlativos de la Ley Federal de Protecci\u00f3n de Datos Personales en Posesi\u00f3n de los Particulares le informamos que Centros Educativos y Culturales, A.C. (el Responsable), con domicilio en Ave. San Jer\u00f3nimo 201 Pte. Col. San Jer\u00f3nimo Monterrey, N.L., tratar\u00e1 los datos personales que recabe del Titular (Usted) con las siguientes finalidades:<\/p><ul><li>Prestaci\u00f3n de servicios educativos, integraci\u00f3n del expediente acad\u00e9mico, formativo y de salud, integraci\u00f3n del expediente administrativo, informaci\u00f3n de contacto para enviar comunicados y localizar a los padres o tutores, publicaci\u00f3n en anuarios, realizar estad\u00edsticas sobre los servicios educativos, actividades deportivas y culturales, cumplir con requerimientos de la Secretar\u00eda de Educaci\u00f3n y dem\u00e1s autoridades gubernamentales.<\/li><li>Distribuci\u00f3n del directorio de familias entre los mismos padres de la Comunidad Educativa y la Asociaci\u00f3n de Padres del Colegio (s\u00f3lo nombre, tel\u00e9fono y correo electr\u00f3nico de los padres).<\/li><li>Actualizaci\u00f3n de datos personales, laborales y de contacto de alumnos y familias activas y egresados (as) del Colegio.<\/li><li>Enviar informaci\u00f3n de eventos, programas y otros, relacionados con el Colegio.<\/li><li>Compartir con terceros o prestadores de servicios correlacionados, para cursos, confirmaciones, primeras comuniones, certificaciones, viajes, concursos intercolegiales, ligas deportivas, programas y servicios extracurriculares, campamentos, transporte, entre otros.<\/li><li>Observaci\u00f3n de clases, monitoreo interno e investigaci\u00f3n de incidentes.<\/li><li>Salvaguardar los derechos, seguridad e integridad del menor.<\/li><li>Crear y gestionar una cuenta institucional de Google Workspace for Education para el alumno.<\/li><li>Activar los Servicios Principales de Google (como Gmail, Drive, Classroom, Calendar, Meet, etc.), y de ser necesario, los Servicios adicionales, conforme a los controles de seguridad institucional y a lo establecido en el Aviso de Privacidad de Google for Education.<\/li><\/ul><p>Para las finalidades del presente aviso de privacidad, podemos recabar sus datos personales de distintas formas: cuando Usted nos los proporciona directamente a trav\u00e9s de la Solicitud de Admisi\u00f3n, en persona, v\u00eda telef\u00f3nica, electr\u00f3nica o impresa, cuando visita nuestro sitio de internet, y cuando obtenemos informaci\u00f3n a trav\u00e9s de otras fuentes que est\u00e1n permitidas por la ley.<\/p><p>Por lo tanto, y para alcanzar las finalidades antes expuestas, se tratar\u00e1n los siguientes datos personales que se presentan en forma enunciativa, no limitativa:<\/p><ol><li>Datos de identificaci\u00f3n del alumno: nombre completo, fotograf\u00eda, edad, fecha y lugar de nacimiento, g\u00e9nero, estado civil, domicilio, nacionalidad, correo electr\u00f3nico, tel\u00e9fonos de contacto, CURP, firma, religi\u00f3n, huella digital, nombre de los Padres, entre otros.<\/li><li>Datos acad\u00e9micos del alumno: nombre y domicilio de escuela de procedencia del alumno, trayectoria educativa, calificaciones y certificados de estudio emitidos por otras instituciones, idiomas, cartas de buena conducta, cartas de no adeudo, antecedentes escolares.<\/li><li>Datos de salud: estado de salud del alumno, restricciones alimenticias, alergias, grupo sangu\u00edneo, tratamientos m\u00e9dicos o psicol\u00f3gicos que recibe y aquellos datos requeridos por la Secretar\u00eda de Educaci\u00f3n.<\/li><li>Datos sobre los padres o tutores: nombre del padre y la madre o tutor del alumno, estado civil, datos de contactos para caso de emergencia, fecha de matrimonio civil y religioso, domicilio de la familia o de cada uno de los padres si est\u00e1n separados, as\u00ed como sus tel\u00e9fonos y correos electr\u00f3nicos, domicilio del trabajo, empleo o negocio del padre y\/o de la madre incluyendo tel\u00e9fonos y correos, ocupaci\u00f3n, puesto que desempe\u00f1a, antig\u00fcedad laboral, grado de estudios, nombre, edad y escolaridad de todos los hijos; RFC, CURP, CSF y domicilio fiscal para la facturaci\u00f3n electr\u00f3nica.<\/li><li>Datos sensibles: datos de seguimiento que permitan evaluar al alumno y su entorno familiar para brindar el servicio de preceptor\u00eda que ofrece el colegio (ejemplo, aficiones, actividades extracurriculares, datos sobre el comportamiento del alumno en lo social, familiar, emotivo, espiritual, salud y deportivo; evaluaciones psicom\u00e9tricas y psicol\u00f3gicas).<\/li><li>As\u00ed mismo, le informamos que se cuenta con c\u00e1maras de audio y\/o video en gran parte de las instalaciones del colegio. Las im\u00e1genes y audios recabados son utilizados para la observaci\u00f3n de clases, para cuidar la integridad y la seguridad de la comunidad educativa y con fines de monitoreo interno e investigaci\u00f3n de incidentes. Por tanto, al ingresar a nuestras instalaciones, otorga su consentimiento para que dichas im\u00e1genes y audios sean utilizadas para los fines informados en este Aviso de Privacidad.<\/li><\/ol><p>En caso de no contar con algunos de los datos citados, podr\u00eda existir la posibilidad de que el Responsable no pueda proporcionar los servicios propios de la relaci\u00f3n jur\u00eddica y comercial que se establezca con el Titular.<\/p><p><strong>Derechos ARCO<\/strong><\/p><p>Usted podr\u00e1 limitar el uso o divulgaci\u00f3n de su informaci\u00f3n mediante comunicaci\u00f3n dirigida al Oficial de Privacidad designado por el Responsable mediante el siguiente procedimiento:<\/p><p>Usted tiene derecho de: (i) <strong>A<\/strong>cceder a sus datos personales, en nuestro poder, y conocer los detalles del tratamiento de los mismos, (ii) <strong>R<\/strong>ectificarlos, en caso de ser inexactos o incompletos, (iii) <strong>C<\/strong>ancelarlos cuando considere que no se requieren para alguna de las finalidades se\u00f1aladas en el presente Aviso de Privacidad, cuando est\u00e9n siendo utilizados para finalidades no consentidas o haya finalizado la relaci\u00f3n contractual o de servicio, u (iv) <strong>O<\/strong>ponerse al tratamiento de los mismos para fines espec\u00edficos, seg\u00fan lo indique la ley.<\/p><p>Para revocar su consentimiento para el tratamiento de sus datos personales deber\u00e1 presentar f\u00edsicamente en las instalaciones del Responsable (colegio) una Solicitud de Ejercicio de Derechos <strong>ARCO<\/strong> acompa\u00f1ada de la informaci\u00f3n y documentaci\u00f3n requerida. El formato de solicitud puede pedirlo al Oficial de Privacidad en el correo\u00a0<a href=\"mailto:privacidad@liceodemtyrosemont.edu.mx\"><u>privacidad@liceodemtyrosemont.edu.mx<\/u><\/a><\/p><p>\u00a0\u00a0\u00a0\u00a0\u00a0\u00a0\u00a0\u00a0\u00a0El Oficial de Privacidad responder\u00e1 su Solicitud de Ejercicio de Derechos ARCO y le comunicar\u00e1 la decisi\u00f3n con los motivos correspondientes.<\/p><p>El Responsable observa los principios de confidencialidad, licitud, consentimiento, informaci\u00f3n, calidad, finalidad, lealtad, proporcionalidad y responsabilidad en la protecci\u00f3n de sus datos personales.<\/p><p><strong>Modificaciones al Aviso de Privacidad<\/strong><\/p><p>El Responsable se reserva el derecho de efectuar en cualquier momento, modificaciones o actualizaciones al presente Aviso de Privacidad, en el entendido de que toda modificaci\u00f3n al mismo se le har\u00e1 saber a Usted al inicio de cada ciclo escolar cuando se comuniquen las Normativas del Colegio y\/o por medio de la publicaci\u00f3n de un aviso en la p\u00e1gina de Internet del Responsable, por lo que le recomendamos verificarla con frecuencia.<\/p><p><strong style=\"font-style: inherit;\">Uso de im\u00e1genes<\/strong><\/p><p>Con el objeto de documentar y comunicar informaci\u00f3n sobre la vida acad\u00e9mica y eventos que se celebran durante el a\u00f1o en el colegio tales como misas, graduaciones, festivales, celebraciones, etc., y para fines mercadot\u00e9cnicos, publicitarios o de prospecci\u00f3n comercial, el Responsable podr\u00e1 utilizar, imprimir, reproducir y publicar la(s) imagen(es) de\u00a0 todos los integrantes de la comunidad educativa que forman parte de esta Instituci\u00f3n en medios impresos, electr\u00f3nicos (blogs, redes sociales del colegio, sitio web), revistas, medios publicitarios, folletos, entre otros, en todas sus manifestaciones, sus interpretaciones o ejecuciones, sus ediciones, sus fonogramas o videogramas, y en sus emisiones para el objeto antes se\u00f1alado. El uso de im\u00e1genes podr\u00e1 hacerse identificando a las personas. En ning\u00fan momento las im\u00e1genes publicadas pondr\u00e1n en entredicho los derechos del menor o afectar\u00e1n la moral o reputaci\u00f3n del mismo.<\/p>\t\t\t\t\t\t\t\t<\/div>\n\t\t\t\t<\/div>\n\t\t\t\t<\/div>\n\t\t\t\t\t<\/div>\n\t\t\t\t<\/div>\n\t\t\t\t<\/div>\n\t\t","protected":false},"excerpt":{"rendered":"<p>Actualizaci\u00f3n 01\/08\/25 Aviso De Privacidad De conformidad con lo establecido en los art\u00edculos 14, 15 y 16 y sus correlativos de la Ley Federal de Protecci\u00f3n de Datos Personales en Posesi\u00f3n de los Particulares le informamos que Centros Educativos y Culturales, A.C. (el Responsable), con domicilio en Ave. San Jer\u00f3nimo 201 Pte. Col. San Jer\u00f3nimo [&hellip;]<\/p>\n","protected":false},"author":1,"featured_media":0,"parent":0,"menu_order":0,"comment_status":"closed","ping_status":"closed","template":"","meta":{"site-sidebar-layout":"default","site-content-layout":"page-builder","ast-site-content-layout":"default","site-content-style":"default","site-sidebar-style":"default","ast-global-header-display":"","ast-banner-title-visibility":"","ast-main-header-display":"","ast-hfb-above-header-display":"","ast-hfb-below-header-display":"","ast-hfb-mobile-header-display":"","site-post-title":"disabled","ast-breadcrumbs-content":"","ast-featured-img":"disabled","footer-sml-layout":"","ast-disable-related-posts":"","theme-transparent-header-meta":"enabled","adv-header-id-meta":"","stick-header-meta":"","header-above-stick-meta":"","header-main-stick-meta":"","header-below-stick-meta":"","astra-migrate-meta-layouts":"default","ast-page-background-enabled":"default","ast-page-background-meta":{"desktop":{"background-color":"","background-image":"","background-repeat":"repeat","background-position":"center center","background-size":"auto","background-attachment":"scroll","background-type":"","background-media":"","overlay-type":"","overlay-color":"","overlay-opacity":"","overlay-gradient":""},"tablet":{"background-color":"","background-image":"","background-repeat":"repeat","background-position":"center center","background-size":"auto","background-attachment":"scroll","background-type":"","background-media":"","overlay-type":"","overlay-color":"","overlay-opacity":"","overlay-gradient":""},"mobile":{"background-color":"","background-image":"","background-repeat":"repeat","background-position":"center center","background-size":"auto","background-attachment":"scroll","background-type":"","background-media":"","overlay-type":"","overlay-color":"","overlay-opacity":"","overlay-gradient":""}},"ast-content-background-meta":{"desktop":{"background-color":"var(--ast-global-color-5)","background-image":"","background-repeat":"repeat","background-position":"center center","background-size":"auto","background-attachment":"scroll","background-type":"","background-media":"","overlay-type":"","overlay-color":"","overlay-opacity":"","overlay-gradient":""},"tablet":{"background-color":"var(--ast-global-color-5)","background-image":"","background-repeat":"repeat","background-position":"center center","background-size":"auto","background-attachment":"scroll","background-type":"","background-media":"","overlay-type":"","overlay-color":"","overlay-opacity":"","overlay-gradient":""},"mobile":{"background-color":"var(--ast-global-color-5)","background-image":"","background-repeat":"repeat","background-position":"center center","background-size":"auto","background-attachment":"scroll","background-type":"","background-media":"","overlay-type":"","overlay-color":"","overlay-opacity":"","overlay-gradient":""}},"footnotes":""},"class_list":["post-128","page","type-page","status-publish","hentry"],"_links":{"self":[{"href":"https:\/\/liceo.edu.mx\/rosemont\/wp-json\/wp\/v2\/pages\/128","targetHints":{"allow":["GET"]}}],"collection":[{"href":"https:\/\/liceo.edu.mx\/rosemont\/wp-json\/wp\/v2\/pages"}],"about":[{"href":"https:\/\/liceo.edu.mx\/rosemont\/wp-json\/wp\/v2\/types\/page"}],"author":[{"embeddable":true,"href":"https:\/\/liceo.edu.mx\/rosemont\/wp-json\/wp\/v2\/users\/1"}],"replies":[{"embeddable":true,"href":"https:\/\/liceo.edu.mx\/rosemont\/wp-json\/wp\/v2\/comments?post=128"}],"version-history":[{"count":13,"href":"https:\/\/liceo.edu.mx\/rosemont\/wp-json\/wp\/v2\/pages\/128\/revisions"}],"predecessor-version":[{"id":2115,"href":"https:\/\/liceo.edu.mx\/rosemont\/wp-json\/wp\/v2\/pages\/128\/revisions\/2115"}],"wp:attachment":[{"href":"https:\/\/liceo.edu.mx\/rosemont\/wp-json\/wp\/v2\/media?parent=128"}],"curies":[{"name":"wp","href":"https:\/\/api.w.org\/{rel}","templated":true}]}}